


{"id":26,"date":"2022-08-24T03:44:13","date_gmt":"2022-08-24T03:44:13","guid":{"rendered":"https:\/\/drews.beauty\/?page_id=26"},"modified":"2025-11-27T07:41:44","modified_gmt":"2025-11-27T06:41:44","slug":"behandlungen","status":"publish","type":"page","link":"https:\/\/drews.beauty\/pt\/behandlungen\/","title":{"rendered":"Tratamentos"},"content":{"rendered":"<div data-elementor-type=\"wp-page\" data-elementor-id=\"26\" class=\"elementor elementor-26\" data-elementor-post-type=\"page\">\n\t\t\t\t\t\t<section class=\"elementor-section elementor-top-section elementor-element elementor-element-f22747d elementor-section-boxed elementor-section-height-default elementor-section-height-default\" data-id=\"f22747d\" data-element_type=\"section\" data-e-type=\"section\">\n\t\t\t\t\t\t<div class=\"elementor-container elementor-column-gap-default\">\n\t\t\t\t\t<div class=\"elementor-column elementor-col-100 elementor-top-column elementor-element elementor-element-4e40d0f\" data-id=\"4e40d0f\" data-element_type=\"column\" data-e-type=\"column\">\n\t\t\t<div class=\"elementor-widget-wrap elementor-element-populated\">\n\t\t\t\t\t\t<div class=\"elementor-element elementor-element-93425eb elementor-widget elementor-widget-ovasev_elementor_service_box\" data-id=\"93425eb\" data-element_type=\"widget\" data-e-type=\"widget\" data-widget_type=\"ovasev_elementor_service_box.default\">\n\t\t\t\t<div class=\"elementor-widget-container\">\n\t\t\t\t\t\n<div class=\"ova-service-box-elementor three_column\">\n\n\t\n\t<div class=\"ova-service-box ova-service-box-template1\">\n\n\t\t \n\t\t    <div class=\"mask\" style=\"background-image: url(https:\/\/drews.beauty\/wp-content\/uploads\/2022\/08\/flowers2.png)\"><\/div>\n\t    \n\t    <div class=\"img-service\">\t\n\t    \t\t    \t\t<img decoding=\"async\" src=\"https:\/\/drews.beauty\/wp-content\/uploads\/2022\/08\/11717-e1763372568762-642x660.jpg\" alt=\"Gesichtsbehandlungen\">\n\t    \t\n\t    \t\t\t\t\t<div class=\"icon\">\n\t\t\t\t\t<i class=\"flaticon-facial-mask-1\"><\/i>\n\t\t\t\t<\/div>\n\t\t\t\t    <\/div>\n\t    \n\t    <div class=\"info\">\n\t    \t\t\t\t\t<a href=\"https:\/\/drews.beauty\/pt\/service\/gesichtsbehandlungen\/\"  title=\"tratamentos faciais\">\n\t\t\t\n\t\t        \t\t\t\t\t<h4 class=\"title\">\n\t\t\t\t\t\ttratamentos faciais\t\t\t\t\t<\/h4>\n\t\t\t\t\n\t\t\t\t\t\t\t<\/a>\n\t\t\t    \n\t\t\t\t\t\t\t<p class=\"description\">\n\t\t\t\t\tLimpeza e cuidado suaves que proporcionam \u00e0 sua pele uma nova frescura e real\u00e7am o seu brilho natural.\t\t\t\t<\/p>\n\t\t\t\n\t\t\t\t\t\t\t<a class=\"book-button\" href=\"https:\/\/drews.beauty\/pt\/service\/gesichtsbehandlungen\/\"  title=\"tratamentos faciais\">\n\t\t\t\t\tReserve j\u00e1\t\t\t\t\t<i class=\"flaticon flaticon-right-arrow\"><\/i>\n\t\t\t\t<\/a>\n\t\t\t\t    <\/div>\n\n\t<\/div>\n\t<div class=\"ova-service-box ova-service-box-template1\">\n\n\t\t \n\t\t    <div class=\"mask\" style=\"background-image: url(https:\/\/drews.beauty\/wp-content\/uploads\/2022\/08\/flowers2.png)\"><\/div>\n\t    \n\t    <div class=\"img-service\">\t\n\t    \t\t    \t\t<img decoding=\"async\" src=\"https:\/\/drews.beauty\/wp-content\/uploads\/2022\/08\/Metodo-Renata-Franca.-Lymphatic-drainage-technique.We-love-this-result.repost-metodorenatafran-e1763447327600-768x660.jpg\" alt=\"Massagen nach Renata Fran\u00e7a\">\n\t    \t\n\t    \t\t\t\t\t<div class=\"icon\">\n\t\t\t\t\t<i class=\"flaticon flaticon-spa\"><\/i>\n\t\t\t\t<\/div>\n\t\t\t\t    <\/div>\n\t    \n\t    <div class=\"info\">\n\t    \t\t\t\t\t<a href=\"https:\/\/drews.beauty\/pt\/service\/massagen-nach-renata-franca\/\"  title=\"Massagens segundo Renata Fran\u00e7a\">\n\t\t\t\n\t\t        \t\t\t\t\t<h4 class=\"title\">\n\t\t\t\t\t\tMassagens segundo Renata Fran\u00e7a\t\t\t\t\t<\/h4>\n\t\t\t\t\n\t\t\t\t\t\t\t<\/a>\n\t\t\t    \n\t\t\t\t\t\t\t<p class=\"description\">\n\t\t\t\t\tEscultura, desintoxica\u00e7\u00e3o e leveza instant\u00e2nea para contornos visivelmente definidos.\t\t\t\t<\/p>\n\t\t\t\n\t\t\t\t\t\t\t<a class=\"book-button\" href=\"https:\/\/drews.beauty\/pt\/service\/massagen-nach-renata-franca\/\"  title=\"Massagens segundo Renata Fran\u00e7a\">\n\t\t\t\t\tReserve j\u00e1\t\t\t\t\t<i class=\"flaticon flaticon-right-arrow\"><\/i>\n\t\t\t\t<\/a>\n\t\t\t\t    <\/div>\n\n\t<\/div>\n\t<div class=\"ova-service-box ova-service-box-template1\">\n\n\t\t \n\t\t    <div class=\"mask\" style=\"background-image: url(https:\/\/drews.beauty\/wp-content\/uploads\/2022\/08\/flowers2.png)\"><\/div>\n\t    \n\t    <div class=\"img-service\">\t\n\t    \t\t    \t\t<img decoding=\"async\" src=\"https:\/\/drews.beauty\/wp-content\/uploads\/2022\/08\/Klassische-Faden-fuer-Faden-Wimpern.-\u2665\ufe0f-768x660.jpg\" alt=\"Augen &amp; Wimpern\">\n\t    \t\n\t    \t\t\t\t\t<div class=\"icon\">\n\t\t\t\t\t<i class=\"flaticon-lotus\"><\/i>\n\t\t\t\t<\/div>\n\t\t\t\t    <\/div>\n\t    \n\t    <div class=\"info\">\n\t    \t\t\t\t\t<a href=\"https:\/\/drews.beauty\/pt\/service\/augen-wimpern\/\"  title=\"Olhos e c\u00edlios\">\n\t\t\t\n\t\t        \t\t\t\t\t<h4 class=\"title\">\n\t\t\t\t\t\tOlhos e c\u00edlios\t\t\t\t\t<\/h4>\n\t\t\t\t\n\t\t\t\t\t\t\t<\/a>\n\t\t\t    \n\t\t\t\t\t\t\t<p class=\"description\">\n\t\t\t\t\tSobrancelhas definidas e c\u00edlios curvados para um visual fresco e expressivo.\t\t\t\t<\/p>\n\t\t\t\n\t\t\t\t\t\t\t<a class=\"book-button\" href=\"https:\/\/drews.beauty\/pt\/service\/augen-wimpern\/\"  title=\"Olhos e c\u00edlios\">\n\t\t\t\t\tReserve j\u00e1\t\t\t\t\t<i class=\"flaticon flaticon-right-arrow\"><\/i>\n\t\t\t\t<\/a>\n\t\t\t\t    <\/div>\n\n\t<\/div>\n\t<div class=\"ova-service-box ova-service-box-template1\">\n\n\t\t \n\t\t    <div class=\"mask\" style=\"background-image: url(https:\/\/drews.beauty\/wp-content\/uploads\/2022\/08\/flowers2.png)\"><\/div>\n\t    \n\t    <div class=\"img-service\">\t\n\t    \t\t    \t\t<img decoding=\"async\" src=\"https:\/\/drews.beauty\/wp-content\/uploads\/2022\/08\/\ud83d\ude0d\ud83c\udde7\ud83c\uddf7-inspiration-e1763450667287-768x660.jpg\" alt=\"Professionelles Make-up\">\n\t    \t\n\t    \t\t\t\t\t<div class=\"icon\">\n\t\t\t\t\t<i class=\"flaticon flaticon-facial-treatment-1\"><\/i>\n\t\t\t\t<\/div>\n\t\t\t\t    <\/div>\n\t    \n\t    <div class=\"info\">\n\t    \t\t\t\t\t<a href=\"https:\/\/drews.beauty\/pt\/service\/professionelles-make-up\/\"  title=\"Maquiagem profissional\">\n\t\t\t\n\t\t        \t\t\t\t\t<h4 class=\"title\">\n\t\t\t\t\t\tMaquiagem profissional\t\t\t\t\t<\/h4>\n\t\t\t\t\n\t\t\t\t\t\t\t<\/a>\n\t\t\t    \n\t\t\t\t\t\t\t<p class=\"description\">\n\t\t\t\t\tA maquiagem profissional garante um acabamento fresco, uniforme e duradouro.\t\t\t\t<\/p>\n\t\t\t\n\t\t\t\t\t\t\t<a class=\"book-button\" href=\"https:\/\/drews.beauty\/pt\/service\/professionelles-make-up\/\"  title=\"Maquiagem profissional\">\n\t\t\t\t\tReserve j\u00e1\t\t\t\t\t<i class=\"flaticon flaticon-right-arrow\"><\/i>\n\t\t\t\t<\/a>\n\t\t\t\t    <\/div>\n\n\t<\/div>\n\t<div class=\"ova-service-box ova-service-box-template1\">\n\n\t\t \n\t\t    <div class=\"mask\" style=\"background-image: url(https:\/\/drews.beauty\/wp-content\/uploads\/2022\/08\/flowers2.png)\"><\/div>\n\t    \n\t    <div class=\"img-service\">\t\n\t    \t\t    \t\t<img decoding=\"async\" src=\"https:\/\/drews.beauty\/wp-content\/uploads\/2022\/08\/261-768x660.jpg\" alt=\"Haarentfernung\">\n\t    \t\n\t    \t\t\t\t\t<div class=\"icon\">\n\t\t\t\t\t<i class=\"flaticon-aroma\"><\/i>\n\t\t\t\t<\/div>\n\t\t\t\t    <\/div>\n\t    \n\t    <div class=\"info\">\n\t    \t\t\t\t\t<a href=\"https:\/\/drews.beauty\/pt\/service\/haarentfernung\/\"  title=\"Depila\u00e7\u00e3o\">\n\t\t\t\n\t\t        \t\t\t\t\t<h4 class=\"title\">\n\t\t\t\t\t\tDepila\u00e7\u00e3o\t\t\t\t\t<\/h4>\n\t\t\t\t\n\t\t\t\t\t\t\t<\/a>\n\t\t\t    \n\t\t\t\t\t\t\t<p class=\"description\">\n\t\t\t\t\tDepila\u00e7\u00e3o suave e precisa para uma pele lisa, uniforme e bem cuidada, que fica macia ao toque e proporciona harmonia vis\u00edvel em todas as \u00e1reas.\t\t\t\t<\/p>\n\t\t\t\n\t\t\t\t\t\t\t<a class=\"book-button\" href=\"https:\/\/drews.beauty\/pt\/service\/haarentfernung\/\"  title=\"Depila\u00e7\u00e3o\">\n\t\t\t\t\tReserve j\u00e1\t\t\t\t\t<i class=\"flaticon flaticon-right-arrow\"><\/i>\n\t\t\t\t<\/a>\n\t\t\t\t    <\/div>\n\n\t<\/div>\n\t<div class=\"ova-service-box ova-service-box-template1\">\n\n\t\t \n\t\t    <div class=\"mask\" style=\"background-image: url(https:\/\/drews.beauty\/wp-content\/uploads\/2022\/08\/flowers2.png)\"><\/div>\n\t    \n\t    <div class=\"img-service\">\t\n\t    \t\t    \t\t<img decoding=\"async\" src=\"https:\/\/drews.beauty\/wp-content\/uploads\/2022\/08\/\ud83d\udc85\ud83c\udffb-768x660.jpg\" alt=\"Manik\u00fcre &amp; Pedik\u00fcre\">\n\t    \t\n\t    \t\t\t\t\t<div class=\"icon\">\n\t\t\t\t\t<i class=\"flaticon-manicure\"><\/i>\n\t\t\t\t<\/div>\n\t\t\t\t    <\/div>\n\t    \n\t    <div class=\"info\">\n\t    \t\t\t\t\t<a href=\"https:\/\/drews.beauty\/pt\/service\/manikure-pedikure\/\"  title=\"Manicure e Pedicure\">\n\t\t\t\n\t\t        \t\t\t\t\t<h4 class=\"title\">\n\t\t\t\t\t\tManicure e Pedicure\t\t\t\t\t<\/h4>\n\t\t\t\t\n\t\t\t\t\t\t\t<\/a>\n\t\t\t    \n\t\t\t\t\t\t\t<p class=\"description\">\n\t\t\t\t\tManicure brasileira: remo\u00e7\u00e3o completa e precisa das cut\u00edculas, n\u00e3o apenas empurr\u00e1-las.\t\t\t\t<\/p>\n\t\t\t\n\t\t\t\t\t\t\t<a class=\"book-button\" href=\"https:\/\/drews.beauty\/pt\/service\/manikure-pedikure\/\"  title=\"Manicure e Pedicure\">\n\t\t\t\t\tReserve j\u00e1\t\t\t\t\t<i class=\"flaticon flaticon-right-arrow\"><\/i>\n\t\t\t\t<\/a>\n\t\t\t\t    <\/div>\n\n\t<\/div>\n<\/div>\t\t\t\t<\/div>\n\t\t\t\t<\/div>\n\t\t\t\t\t<\/div>\n\t\t<\/div>\n\t\t\t\t\t<\/div>\n\t\t<\/section>\n\t\t\t\t<\/div>","protected":false},"excerpt":{"rendered":"<p>Cuidados Faciais Fiquei impressionado com os servi\u00e7os de massagem, n\u00e3o lorem ipsum \u00e9 simplesmente texto livre. Reserve agora Massagens Fiquei impressionado com os servi\u00e7os de massagem, n\u00e3o lorem ipsum \u00e9 simplesmente texto livre. Reserve agora Hidroterapia Fiquei impressionado com os servi\u00e7os de massagem, n\u00e3o lorem ipsum \u00e9 simplesmente texto livre. Reserve agora Pedras Termais [\u2026]<\/p>","protected":false},"author":2,"featured_media":0,"parent":0,"menu_order":0,"comment_status":"closed","ping_status":"closed","template":"elementor_header_footer","meta":{"footnotes":""},"class_list":["post-26","page","type-page","status-publish","hentry"],"_links":{"self":[{"href":"https:\/\/drews.beauty\/pt\/wp-json\/wp\/v2\/pages\/26","targetHints":{"allow":["GET"]}}],"collection":[{"href":"https:\/\/drews.beauty\/pt\/wp-json\/wp\/v2\/pages"}],"about":[{"href":"https:\/\/drews.beauty\/pt\/wp-json\/wp\/v2\/types\/page"}],"author":[{"embeddable":true,"href":"https:\/\/drews.beauty\/pt\/wp-json\/wp\/v2\/users\/2"}],"replies":[{"embeddable":true,"href":"https:\/\/drews.beauty\/pt\/wp-json\/wp\/v2\/comments?post=26"}],"version-history":[{"count":0,"href":"https:\/\/drews.beauty\/pt\/wp-json\/wp\/v2\/pages\/26\/revisions"}],"wp:attachment":[{"href":"https:\/\/drews.beauty\/pt\/wp-json\/wp\/v2\/media?parent=26"}],"curies":[{"name":"wp","href":"https:\/\/api.w.org\/{rel}","templated":true}]}}