


{"id":7160,"date":"2025-11-27T09:17:03","date_gmt":"2025-11-27T08:17:03","guid":{"rendered":"https:\/\/drews.beauty\/?page_id=7160"},"modified":"2025-11-29T06:11:19","modified_gmt":"2025-11-29T05:11:19","slug":"datenschutzerklarung","status":"publish","type":"page","link":"https:\/\/drews.beauty\/pt\/datenschutzerklarung\/","title":{"rendered":"pol\u00edtica de Privacidade"},"content":{"rendered":"<div data-elementor-type=\"wp-page\" data-elementor-id=\"7160\" class=\"elementor elementor-7160\" data-elementor-post-type=\"page\">\n\t\t\t\t<div class=\"elementor-element elementor-element-64e8cba9 e-flex e-con-boxed e-con e-parent\" data-id=\"64e8cba9\" data-element_type=\"container\" data-e-type=\"container\">\n\t\t\t\t\t<div class=\"e-con-inner\">\n\t\t\t\t<div class=\"elementor-element elementor-element-a458a21 elementor-widget elementor-widget-heading\" data-id=\"a458a21\" data-element_type=\"widget\" data-e-type=\"widget\" data-widget_type=\"heading.default\">\n\t\t\t\t<div class=\"elementor-widget-container\">\n\t\t\t\t\t<h2 class=\"elementor-heading-title elementor-size-default\">POL\u00cdTICA DE PRIVACIDADE<\/h2>\t\t\t\t<\/div>\n\t\t\t\t<\/div>\n\t\t\t\t<div class=\"elementor-element elementor-element-67705df elementor-widget elementor-widget-text-editor\" data-id=\"67705df\" data-element_type=\"widget\" data-e-type=\"widget\" data-widget_type=\"text-editor.default\">\n\t\t\t\t<div class=\"elementor-widget-container\">\n\t\t\t\t\t\t\t\t\t<h2 data-start=\"369\" data-end=\"401\"><strong data-start=\"372\" data-end=\"401\">1. \u00d3rg\u00e3o respons\u00e1vel<\/strong><\/h2>\n<p data-start=\"403\" data-end=\"541\">Natalia Drews<br data-start=\"416\" data-end=\"419\" \/>esteticista<br data-start=\"431\" data-end=\"434\" \/>Am Mitterfeld 27a<br data-start=\"451\" data-end=\"454\" \/>81829 Munique<br data-start=\"467\" data-end=\"470\" \/>Alemanha<br data-start=\"481\" data-end=\"484\" \/>Telefone: +49 162 2604856<br data-start=\"508\" data-end=\"511\" \/>E-mail: <a class=\"decorated-link cursor-pointer\" rel=\"noopener\" data-start=\"519\" data-end=\"539\">natalia@drews.beauty<\/a><\/p>\n<hr data-start=\"543\" data-end=\"546\" \/>\n<h2 data-start=\"548\" data-end=\"599\"><strong data-start=\"551\" data-end=\"599\">2. Informa\u00e7\u00f5es gerais sobre processamento de dados<\/strong><\/h2>\n<p data-start=\"601\" data-end=\"862\">A prote\u00e7\u00e3o dos seus dados pessoais \u00e9 muito importante para n\u00f3s. Processamos os seus dados exclusivamente em conformidade com os requisitos legais do RGPD (Regulamento Geral de Prote\u00e7\u00e3o de Dados) e da BDSG (Lei Federal Alem\u00e3 de Prote\u00e7\u00e3o de Dados). Dados pessoais s\u00e3o quaisquer informa\u00e7\u00f5es que possam ser usadas para identific\u00e1-lo pessoalmente.<\/p>\n<hr data-start=\"864\" data-end=\"867\" \/>\n<h2 data-start=\"869\" data-end=\"913\"><strong data-start=\"872\" data-end=\"913\">3. Hospedagem e arquivos de log do servidor (INWX)<\/strong><\/h2>\n<p data-start=\"915\" data-end=\"986\">Nosso site ser\u00e1 usado em <strong data-start=\"939\" data-end=\"976\">INWX \u2013 InterNetworX GmbH &amp; Co. KG<\/strong> hospedado.<\/p>\n<p data-start=\"988\" data-end=\"1028\">O INWX coleta automaticamente arquivos de log do servidor:<\/p>\n<p data-start=\"1030\" data-end=\"1185\">\u2022 Endere\u00e7o IP (abreviado\/anonimizado)<br data-start=\"1065\" data-end=\"1068\" \/>\u2022 Tipo e vers\u00e3o do navegador<br data-start=\"1092\" data-end=\"1095\" \/>\u2022 Data e hora de acesso<br data-start=\"1127\" data-end=\"1130\" \/>\u2022 P\u00e1ginas visitadas<br data-start=\"1147\" data-end=\"1150\" \/>\u2022 URL de refer\u00eancia<br data-start=\"1164\" data-end=\"1167\" \/>\u2022 Sistema operacional<\/p>\n<p data-start=\"1187\" data-end=\"1306\"><strong data-start=\"1187\" data-end=\"1207\">Fundamento jur\u00eddico:<\/strong> Artigo 6\u00ba, par\u00e1grafo 1, al\u00ednea f, do RGPD<br data-start=\"1234\" data-end=\"1237\" \/>(Interesse leg\u00edtimo em seguran\u00e7a, estabilidade e an\u00e1lise de erros.)<\/p>\n<hr data-start=\"1308\" data-end=\"1311\" \/>\n<h2 data-start=\"1313\" data-end=\"1356\"><strong data-start=\"1316\" data-end=\"1356\">4. Formul\u00e1rio de contato (Formul\u00e1rios Elementor)<\/strong><\/h2>\n<p data-start=\"1358\" data-end=\"1423\">Ao entrar em contato conosco atrav\u00e9s do formul\u00e1rio de contato, processamos:<\/p>\n<p data-start=\"1425\" data-end=\"1507\">\u2022 Nome<br data-start=\"1431\" data-end=\"1434\" \/>\u2022 Endere\u00e7o de email<br data-start=\"1450\" data-end=\"1453\" \/>\u2022 N\u00famero de telefone (se fornecido)<br data-start=\"1486\" data-end=\"1489\" \/>\u2022 Sua mensagem<\/p>\n<p data-start=\"1509\" data-end=\"1623\"><strong data-start=\"1509\" data-end=\"1519\">Prop\u00f3sito:<\/strong> Processando sua solicita\u00e7\u00e3o<br data-start=\"1545\" data-end=\"1548\" \/><strong data-start=\"1548\" data-end=\"1568\">Fundamento jur\u00eddico:<\/strong> Artigo 6\u00ba, par\u00e1grafo 1, al\u00ednea b, do RGPD (medidas pr\u00e9-contratuais)<\/p>\n<p data-start=\"1625\" data-end=\"1683\">Seus dados n\u00e3o ser\u00e3o compartilhados sem o seu consentimento.<\/p>\n<hr data-start=\"1685\" data-end=\"1688\" \/>\n<h2 data-start=\"1690\" data-end=\"1732\"><strong data-start=\"1693\" data-end=\"1732\">5. Agendamento online via Amelia<\/strong><\/h2>\n<p data-start=\"1734\" data-end=\"1775\">Utilizamos o sistema de reservas. <strong data-start=\"1764\" data-end=\"1774\">Am\u00e9lia<\/strong>.<\/p>\n<p data-start=\"1777\" data-end=\"1792\">Dados coletados:<\/p>\n<p data-start=\"1794\" data-end=\"1927\">\u2022 Nome<br data-start=\"1800\" data-end=\"1803\" \/>\u2022 Endere\u00e7o de email<br data-start=\"1819\" data-end=\"1822\" \/>\u2022 N\u00famero de telefone<br data-start=\"1837\" data-end=\"1840\" \/>\u2022 Data e hora da consulta<br data-start=\"1871\" data-end=\"1874\" \/>\u2022 Servi\u00e7o selecionado<br data-start=\"1896\" data-end=\"1899\" \/>\u2022 Opcional: Observa\u00e7\u00f5es do cliente<\/p>\n<p data-start=\"1929\" data-end=\"1976\"><strong data-start=\"1929\" data-end=\"1949\">Fundamento jur\u00eddico:<\/strong> Artigo 6\u00ba, par\u00e1grafo 1, al\u00ednea b, do RGPD<\/p>\n<h3 data-start=\"1978\" data-end=\"2035\"><strong data-start=\"1982\" data-end=\"2033\">5.1 Processamento de pagamentos (Stripe, PayPal, Klarna)<\/strong><\/h3>\n<p data-start=\"2036\" data-end=\"2113\">Os seguintes provedores podem ser usados para pagamentos online via Amelia:<\/p>\n<p data-start=\"2115\" data-end=\"2157\">\u2022 <strong data-start=\"2117\" data-end=\"2127\">Listra<\/strong><br data-start=\"2127\" data-end=\"2130\" \/>\u2022 <strong data-start=\"2132\" data-end=\"2142\">PayPal<\/strong><br data-start=\"2142\" data-end=\"2145\" \/>\u2022 <strong data-start=\"2147\" data-end=\"2157\">Klarna<\/strong><\/p>\n<p data-start=\"2159\" data-end=\"2205\">Esses provedores de servi\u00e7os de pagamento processam, entre outras coisas:<\/p>\n<p data-start=\"2207\" data-end=\"2281\">\u2022 Nome<br data-start=\"2213\" data-end=\"2216\" \/>\u2022 Endere\u00e7o de Cobran\u00e7a<br data-start=\"2234\" data-end=\"2237\" \/>\u2022 Endere\u00e7o de email<br data-start=\"2253\" data-end=\"2256\" \/>\u2022 Informa\u00e7\u00f5es de pagamento<\/p>\n<p data-start=\"2283\" data-end=\"2352\">O processamento \u00e9 realizado exclusivamente atrav\u00e9s dos respectivos fornecedores.<\/p>\n<p data-start=\"2354\" data-end=\"2466\"><strong data-start=\"2354\" data-end=\"2374\">Fundamento jur\u00eddico:<\/strong><br data-start=\"2374\" data-end=\"2377\" \/>\u2022 Artigo 6\u00ba, par\u00e1grafo 1, al\u00ednea b, do RGPD (contrato)<br data-start=\"2415\" data-end=\"2418\" \/>\u2022 Artigo 6\u00ba, par\u00e1grafo 1, al\u00ednea f, do RGPD (preven\u00e7\u00e3o de fraude)<\/p>\n<hr data-start=\"2468\" data-end=\"2471\" \/>\n<h2 data-start=\"2473\" data-end=\"2508\"><strong data-start=\"2476\" data-end=\"2508\">6. Gerenciador de Cookies e Consentimento<\/strong><\/h2>\n<p data-start=\"2510\" data-end=\"2639\">Utilizamos um gerenciador de consentimento de cookies.<br data-start=\"2553\" data-end=\"2556\" \/>Cookies que n\u00e3o s\u00e3o tecnicamente necess\u00e1rios s\u00e3o <strong data-start=\"2598\" data-end=\"2630\">somente ap\u00f3s o seu consentimento<\/strong> definir.<\/p>\n<p data-start=\"2641\" data-end=\"2660\">Isso inclui, por exemplo:<\/p>\n<p data-start=\"2662\" data-end=\"2738\">\u2022 Cookies de estat\u00edsticas<br data-start=\"2681\" data-end=\"2684\" \/>\u2022 Cookies de marketing<br data-start=\"2703\" data-end=\"2706\" \/>\u2022 Servi\u00e7os do Google (mapas, fontes)<\/p>\n<p data-start=\"2740\" data-end=\"2787\"><strong data-start=\"2740\" data-end=\"2760\">Fundamento jur\u00eddico:<\/strong> Artigo 6\u00ba, par\u00e1grafo 1, al\u00ednea a, do RGPD<\/p>\n<p data-start=\"2789\" data-end=\"2862\">Voc\u00ea pode retirar seu consentimento a qualquer momento atrav\u00e9s do banner de cookies.<\/p>\n<hr data-start=\"2864\" data-end=\"2867\" \/>\n<h2 data-start=\"2869\" data-end=\"2890\"><strong data-start=\"2872\" data-end=\"2890\">7. Google Maps<\/strong><\/h2>\n<p data-start=\"2892\" data-end=\"2967\">Nosso site utiliza o Google Maps para exibir localiza\u00e7\u00f5es ou como um link.<\/p>\n<p data-start=\"2969\" data-end=\"3008\">O Google pode processar os seguintes dados:<\/p>\n<p data-start=\"3010\" data-end=\"3065\">\u2022 Endere\u00e7o IP<br data-start=\"3022\" data-end=\"3025\" \/>\u2022 Informa\u00e7\u00f5es do dispositivo<br data-start=\"3046\" data-end=\"3049\" \/>\u2022 Dados do navegador<\/p>\n<p data-start=\"3067\" data-end=\"3206\"><strong data-start=\"3067\" data-end=\"3087\">Fundamento jur\u00eddico:<\/strong><br data-start=\"3087\" data-end=\"3090\" \/>\u2022 Artigo 6\u00ba, par\u00e1grafo 1, al\u00ednea a, do RGPD (consentimento) para mapa incorporado<br data-start=\"3156\" data-end=\"3159\" \/>\u2022 Artigo 6, par\u00e1grafo 1, al\u00ednea f do RGPD para um link simples<\/p>\n<p data-start=\"3208\" data-end=\"3268\">Mais informa\u00e7\u00f5es:<br data-start=\"3230\" data-end=\"3233\" \/><a class=\"decorated-link\" href=\"https:\/\/policies.google.com\/privacy\" target=\"_new\" rel=\"noopener\" data-start=\"3233\" data-end=\"3268\">https:\/\/policies.google.com\/privacy<\/a><\/p>\n<hr data-start=\"3270\" data-end=\"3273\" \/>\n<h2 data-start=\"3275\" data-end=\"3314\"><strong data-start=\"3278\" data-end=\"3314\">8. Google Fonts (carregadas online)<\/strong><\/h2>\n<p data-start=\"3316\" data-end=\"3438\">Usamos [este m\u00e9todo] para garantir uma exibi\u00e7\u00e3o consistente das fontes. <strong data-start=\"3374\" data-end=\"3390\">Fontes do Google<\/strong>, que s\u00e3o integradas por meio dos servidores do Google.<\/p>\n<p data-start=\"3440\" data-end=\"3486\">Os seguintes dados podem ser transmitidos:<\/p>\n<p data-start=\"3488\" data-end=\"3527\">\u2022 Endere\u00e7o IP<br data-start=\"3500\" data-end=\"3503\" \/>\u2022 Informa\u00e7\u00f5es do navegador<\/p>\n<p data-start=\"3529\" data-end=\"3591\"><strong data-start=\"3529\" data-end=\"3549\">Fundamento jur\u00eddico:<\/strong> Artigo 6\u00ba, par\u00e1grafo 1, al\u00ednea a, do RGPD (consentimento)<\/p>\n<p data-start=\"3593\" data-end=\"3657\">Mais informa\u00e7\u00f5es:<br data-start=\"3615\" data-end=\"3618\" \/><a class=\"decorated-link\" href=\"https:\/\/developers.google.com\/fonts\/faq\" target=\"_new\" rel=\"noopener\" data-start=\"3618\" data-end=\"3657\">https:\/\/developers.google.com\/fonts\/faq<\/a><\/p>\n<hr data-start=\"3659\" data-end=\"3662\" \/>\n<h2 data-start=\"3664\" data-end=\"3696\"><strong data-start=\"3667\" data-end=\"3696\">9. Fotos de Antes e Depois<\/strong><\/h2>\n<p data-start=\"3698\" data-end=\"3755\">Publicamos fotos dos tratamentos em nosso site.<\/p>\n<h3 data-start=\"3757\" data-end=\"3801\"><strong data-start=\"3761\" data-end=\"3799\">9.1 Com consentimento por escrito<\/strong><\/h3>\n<p data-start=\"3802\" data-end=\"3845\">Fundamento jur\u00eddico: Artigo 6.\u00ba, n.\u00ba 1, al\u00ednea a) do RGPD<\/p>\n<h3 data-start=\"3847\" data-end=\"3908\"><strong data-start=\"3851\" data-end=\"3906\">9.2 Somente consentimento verbal \/ permiss\u00e3o informal<\/strong><\/h3>\n<p data-start=\"3909\" data-end=\"4012\">Como o consentimento verbal \u00e9 legalmente menos v\u00e1lido, obtemos o consentimento por escrito, se necess\u00e1rio.<\/p>\n<p data-start=\"4014\" data-end=\"4042\">Os afetados podem, a qualquer momento:<\/p>\n<p data-start=\"4044\" data-end=\"4081\">\u2022 Revogar<br data-start=\"4056\" data-end=\"4059\" \/>\u2022 Solicitar exclus\u00e3o<\/p>\n<hr data-start=\"4083\" data-end=\"4086\" \/>\n<h2 data-start=\"4088\" data-end=\"4123\"><strong data-start=\"4091\" data-end=\"4123\">10. M\u00eddias sociais (Instagram)<\/strong><\/h2>\n<p data-start=\"4125\" data-end=\"4208\">Inclu\u00edmos o link para o nosso perfil do Instagram:<br data-start=\"4166\" data-end=\"4169\" \/><a class=\"decorated-link\" href=\"https:\/\/www.instagram.com\/drews.beauty\/\" target=\"_new\" rel=\"noopener\" data-start=\"4169\" data-end=\"4208\">https:\/\/www.instagram.com\/drews.beauty\/<\/a><\/p>\n<p data-start=\"4210\" data-end=\"4315\">Os dados pessoais s\u00f3 ser\u00e3o processados se voc\u00ea clicar. <strong data-start=\"4271\" data-end=\"4302\">Meta Platforms Ireland Ltd.<\/strong> processado.<\/p>\n<p data-start=\"4317\" data-end=\"4387\"><strong data-start=\"4317\" data-end=\"4356\">N\u00e3o ocorre transfer\u00eancia de dados.<\/strong>, antes de clicar no link.<\/p>\n<p data-start=\"4389\" data-end=\"4456\">Pol\u00edtica de Privacidade do Instagram:<br data-start=\"4411\" data-end=\"4414\" \/><a class=\"decorated-link cursor-pointer\" target=\"_new\" rel=\"noopener\" data-start=\"4414\" data-end=\"4456\">https:\/\/help.instagram.com\/519522125107875<\/a><\/p>\n<hr data-start=\"4458\" data-end=\"4461\" \/>\n<h2 data-start=\"4463\" data-end=\"4505\"><strong data-start=\"4466\" data-end=\"4505\">11. Direitos dos titulares dos dados<\/strong><\/h2>\n<p data-start=\"4507\" data-end=\"4533\">Voc\u00ea tem os seguintes direitos:<\/p>\n<p data-start=\"4535\" data-end=\"4790\">\u2022 Direito de acesso (Artigo 15.\u00ba do RGPD)<br data-start=\"4561\" data-end=\"4564\" \/>\u2022 Retifica\u00e7\u00e3o (Artigo 16.\u00ba do RGPD)<br data-start=\"4594\" data-end=\"4597\" \/>\u2022 Apagamento (Artigo 17.\u00ba do RGPD)<br data-start=\"4623\" data-end=\"4626\" \/>\u2022 Restri\u00e7\u00e3o (Artigo 18 do RGPD)<br data-start=\"4657\" data-end=\"4660\" \/>\u2022 Portabilidade de dados (Artigo 20 do RGPD)<br data-start=\"4698\" data-end=\"4701\" \/>\u2022 Direito de oposi\u00e7\u00e3o (Artigo 21.\u00ba do RGPD)<br data-start=\"4730\" data-end=\"4733\" \/>\u2022 Revoga\u00e7\u00e3o do consentimento (Artigo 7.\u00ba, n.\u00ba 3, do RGPD)<\/p>\n<p data-start=\"4792\" data-end=\"4836\">Para mais informa\u00e7\u00f5es, entre em contato:<br data-start=\"4813\" data-end=\"4816\" \/><a class=\"decorated-link cursor-pointer\" rel=\"noopener\" data-start=\"4816\" data-end=\"4836\">natalia@drews.beauty<\/a><\/p>\n<hr data-start=\"4838\" data-end=\"4841\" \/>\n<h2 data-start=\"4843\" data-end=\"4867\"><strong data-start=\"4846\" data-end=\"4867\">12. Dura\u00e7\u00e3o do armazenamento<\/strong><\/h2>\n<p data-start=\"4869\" data-end=\"5014\">\u2022 Pedidos de contato: at\u00e9 a conclus\u00e3o<br data-start=\"4902\" data-end=\"4905\" \/>\u2022 Dados de nomea\u00e7\u00e3o: de acordo com os per\u00edodos de reten\u00e7\u00e3o legais<br data-start=\"4958\" data-end=\"4961\" \/>\u2022 Fotos: at\u00e9 novo aviso<br data-start=\"4982\" data-end=\"4985\" \/>\u2022 Cookies: dependendo do fornecedor<\/p>\n<hr data-start=\"5016\" data-end=\"5019\" \/>\n<h2 data-start=\"5021\" data-end=\"5047\"><strong data-start=\"5024\" data-end=\"5047\">13. Seguran\u00e7a de dados<\/strong><\/h2>\n<p data-start=\"5049\" data-end=\"5183\">Implementamos medidas t\u00e9cnicas e organizacionais para proteger seus dados contra perda, uso indevido ou acesso n\u00e3o autorizado.<\/p>\n<hr data-start=\"5185\" data-end=\"5188\" \/>\n<h2 data-start=\"5190\" data-end=\"5239\"><strong data-start=\"5193\" data-end=\"5239\">14. Altera\u00e7\u00f5es a esta Pol\u00edtica de Privacidade<\/strong><\/h2>\n<p data-start=\"5241\" data-end=\"5401\">Reservamo-nos o direito de alterar esta pol\u00edtica de privacidade no futuro para refletir os requisitos legais vigentes ou altera\u00e7\u00f5es em nossos servi\u00e7os.<\/p>\t\t\t\t\t\t\t\t<\/div>\n\t\t\t\t<\/div>\n\t\t\t\t\t<\/div>\n\t\t\t\t<\/div>\n\t\t\t\t<\/div>","protected":false},"excerpt":{"rendered":"<p>DECLARA\u00c7\u00c3O DE PROTE\u00c7\u00c3O DE DADOS 1. Respons\u00e1vel pelo tratamento de dados: Natalia Drews, Cosmet\u00f3loga, Am Mitterfeld 27a, 81829 Munique, Alemanha. Telefone: +49 162 2604856. E-mail: natalia@drews.beauty. 2. Informa\u00e7\u00f5es gerais sobre o tratamento de dados: A prote\u00e7\u00e3o dos seus dados pessoais \u00e9 muito importante para n\u00f3s. Tratamos os seus dados exclusivamente em conformidade com os requisitos legais do RGPD e da BDSG. Dados pessoais s\u00e3o quaisquer informa\u00e7\u00f5es que possam ser utilizadas para identificar voc\u00ea pessoalmente. 3. Hospedagem [\u2026]<\/p>","protected":false},"author":2,"featured_media":0,"parent":0,"menu_order":0,"comment_status":"closed","ping_status":"closed","template":"elementor_header_footer","meta":{"footnotes":""},"class_list":["post-7160","page","type-page","status-publish","hentry"],"_links":{"self":[{"href":"https:\/\/drews.beauty\/pt\/wp-json\/wp\/v2\/pages\/7160","targetHints":{"allow":["GET"]}}],"collection":[{"href":"https:\/\/drews.beauty\/pt\/wp-json\/wp\/v2\/pages"}],"about":[{"href":"https:\/\/drews.beauty\/pt\/wp-json\/wp\/v2\/types\/page"}],"author":[{"embeddable":true,"href":"https:\/\/drews.beauty\/pt\/wp-json\/wp\/v2\/users\/2"}],"replies":[{"embeddable":true,"href":"https:\/\/drews.beauty\/pt\/wp-json\/wp\/v2\/comments?post=7160"}],"version-history":[{"count":0,"href":"https:\/\/drews.beauty\/pt\/wp-json\/wp\/v2\/pages\/7160\/revisions"}],"wp:attachment":[{"href":"https:\/\/drews.beauty\/pt\/wp-json\/wp\/v2\/media?parent=7160"}],"curies":[{"name":"wp","href":"https:\/\/api.w.org\/{rel}","templated":true}]}}