


{"id":7192,"date":"2025-11-29T05:49:10","date_gmt":"2025-11-29T04:49:10","guid":{"rendered":"https:\/\/drews.beauty\/?page_id=7192"},"modified":"2026-01-24T08:17:32","modified_gmt":"2026-01-24T07:17:32","slug":"impressum","status":"publish","type":"page","link":"https:\/\/drews.beauty\/pt\/impressum\/","title":{"rendered":"imprimir"},"content":{"rendered":"<div data-elementor-type=\"wp-page\" data-elementor-id=\"7192\" class=\"elementor elementor-7192\" data-elementor-post-type=\"page\">\n\t\t\t\t<div class=\"elementor-element elementor-element-e55fa3e e-flex e-con-boxed e-con e-parent\" data-id=\"e55fa3e\" data-element_type=\"container\" data-e-type=\"container\">\n\t\t\t\t\t<div class=\"e-con-inner\">\n\t\t\t\t<div class=\"elementor-element elementor-element-e4a0a4e elementor-widget elementor-widget-heading\" data-id=\"e4a0a4e\" data-element_type=\"widget\" data-e-type=\"widget\" data-widget_type=\"heading.default\">\n\t\t\t\t<div class=\"elementor-widget-container\">\n\t\t\t\t\t<h2 class=\"elementor-heading-title elementor-size-default\">imprimir<\/h2>\t\t\t\t<\/div>\n\t\t\t\t<\/div>\n\t\t\t\t<div class=\"elementor-element elementor-element-4656973 elementor-widget elementor-widget-text-editor\" data-id=\"4656973\" data-element_type=\"widget\" data-e-type=\"widget\" data-widget_type=\"text-editor.default\">\n\t\t\t\t<div class=\"elementor-widget-container\">\n\t\t\t\t\t\t\t\t\t<p data-start=\"422\" data-end=\"447\"><strong data-start=\"422\" data-end=\"447\">Informa\u00e7\u00f5es de acordo com o \u00a7 5 da Lei Alem\u00e3 de Servi\u00e7os de Telecomunica\u00e7\u00f5es (TMG).<\/strong><\/p><p data-start=\"449\" data-end=\"502\"><strong data-start=\"449\" data-end=\"471\">Nome do propriet\u00e1rio<\/strong><br data-start=\"471\" data-end=\"474\" \/>Natalia Drews<br data-start=\"487\" data-end=\"490\" \/>esteticista<\/p><p data-start=\"504\" data-end=\"567\"><strong data-start=\"504\" data-end=\"517\">Endere\u00e7o<\/strong><br data-start=\"517\" data-end=\"520\" \/>Am Mitterfeld 27a<br data-start=\"537\" data-end=\"540\" \/>81829 Munique<br data-start=\"553\" data-end=\"556\" \/>Alemanha<\/p><p data-start=\"569\" data-end=\"662\"><strong data-start=\"569\" data-end=\"580\">contato<\/strong><br data-start=\"580\" data-end=\"583\" \/>Telefone: +49 162 2604856<br data-start=\"607\" data-end=\"610\" \/>E-mail: <a class=\"decorated-link cursor-pointer\" rel=\"noopener\" data-start=\"618\" data-end=\"638\">natalia@drews.beauty<\/a><br data-start=\"638\" data-end=\"641\" \/>Site: drews.beauty<\/p><p data-start=\"664\" data-end=\"787\"><strong data-start=\"664\" data-end=\"685\">C\u00e2mara competente<\/strong><br data-start=\"685\" data-end=\"688\" \/>C\u00e2mara de Artesanato de Munique e Alta Baviera<br data-start=\"730\" data-end=\"733\" \/>N\u00famero da empresa: 7242414<br data-start=\"756\" data-end=\"759\" \/>Data de inscri\u00e7\u00e3o: 28 de outubro de 2025<br \/>N\u00famero de identifica\u00e7\u00e3o fiscal: 144\/205\/20671<br \/><br \/><strong data-start=\"789\" data-end=\"829\">Nota sobre o regulamento das pequenas empresas<\/strong><br data-start=\"829\" data-end=\"832\" \/>De acordo com o \u00a7 19 da Lei do Imposto sobre o Valor Acrescentado (UStG), n\u00e3o \u00e9 cobrado nem apresentado qualquer imposto sobre o valor acrescentado.<\/p><p data-start=\"899\" data-end=\"1363\"><strong data-start=\"899\" data-end=\"922\">Responsabilidade pelo conte\u00fado<\/strong><br data-start=\"922\" data-end=\"925\" \/>Como prestador de servi\u00e7os, sou respons\u00e1vel pelo meu pr\u00f3prio conte\u00fado nestas p\u00e1ginas, de acordo com o Artigo 7, Par\u00e1grafo 1 da Lei Alem\u00e3 de Telemedia (TMG). No entanto, de acordo com os Artigos 8 a 10 da TMG, n\u00e3o sou obrigado a monitorar informa\u00e7\u00f5es de terceiros transmitidas ou armazenadas, nem a investigar circunst\u00e2ncias que indiquem atividades ilegais. As obriga\u00e7\u00f5es de remover ou bloquear o uso de informa\u00e7\u00f5es, conforme previsto na legisla\u00e7\u00e3o geral, permanecem inalteradas.<\/p><p data-start=\"1365\" data-end=\"1577\"><strong data-start=\"1365\" data-end=\"1386\">Responsabilidade pelos links<\/strong><br data-start=\"1386\" data-end=\"1389\" \/>Este site cont\u00e9m links para sites externos de terceiros, sobre cujo conte\u00fado n\u00e3o tenho qualquer influ\u00eancia. O respectivo provedor \u00e9 sempre respons\u00e1vel pelo conte\u00fado das p\u00e1ginas vinculadas.<\/p><p data-start=\"1579\" data-end=\"1834\"><strong data-start=\"1579\" data-end=\"1595\">direitos autorais<\/strong><br data-start=\"1595\" data-end=\"1598\" \/>O conte\u00fado e as obras criadas neste site est\u00e3o sujeitos \u00e0 lei de direitos autorais alem\u00e3. A reprodu\u00e7\u00e3o, modifica\u00e7\u00e3o e distribui\u00e7\u00e3o que excedam os limites da lei de direitos autorais exigem o consentimento por escrito do operador do site.<\/p>\t\t\t\t\t\t\t\t<\/div>\n\t\t\t\t<\/div>\n\t\t\t\t\t<\/div>\n\t\t\t\t<\/div>\n\t\t\t\t<\/div>","protected":false},"excerpt":{"rendered":"<p>Informa\u00e7\u00f5es Legais de acordo com o \u00a7 5 da Lei Alem\u00e3 de Servi\u00e7os de Telecomunica\u00e7\u00f5es (TMG) Nome do propriet\u00e1rio: Natalia Drews, Cosmet\u00f3loga Endere\u00e7o: Am Mitterfeld 27a, 81829 Munique, Alemanha Contato: Telefone: +49 162 2604856, E-mail: natalia@drews.beauty, Site: drews.beauty \u00d3rg\u00e3o respons\u00e1vel: C\u00e2mara de Artesanato de Munique e Alta Baviera N\u00famero de registro comercial: 7242414 Data de registro: 28 de outubro de 2025 N\u00famero de identifica\u00e7\u00e3o fiscal: 144\/205\/20671 Observa\u00e7\u00e3o sobre a regulamenta\u00e7\u00e3o para pequenas empresas: De acordo com o \u00a7 19 da Lei Alem\u00e3 do Imposto sobre Valor Agregado (UStG), o IVA n\u00e3o \u00e9 cobrado nem exibido. Responsabilidade pelo conte\u00fado: Como prestadora de servi\u00e7os, sou respons\u00e1vel pelo meu pr\u00f3prio conte\u00fado de acordo com o \u00a7 7, par\u00e1grafo 1 da TMG [\u2026]<\/p>","protected":false},"author":2,"featured_media":0,"parent":0,"menu_order":0,"comment_status":"closed","ping_status":"closed","template":"elementor_header_footer","meta":{"footnotes":""},"class_list":["post-7192","page","type-page","status-publish","hentry"],"_links":{"self":[{"href":"https:\/\/drews.beauty\/pt\/wp-json\/wp\/v2\/pages\/7192","targetHints":{"allow":["GET"]}}],"collection":[{"href":"https:\/\/drews.beauty\/pt\/wp-json\/wp\/v2\/pages"}],"about":[{"href":"https:\/\/drews.beauty\/pt\/wp-json\/wp\/v2\/types\/page"}],"author":[{"embeddable":true,"href":"https:\/\/drews.beauty\/pt\/wp-json\/wp\/v2\/users\/2"}],"replies":[{"embeddable":true,"href":"https:\/\/drews.beauty\/pt\/wp-json\/wp\/v2\/comments?post=7192"}],"version-history":[{"count":9,"href":"https:\/\/drews.beauty\/pt\/wp-json\/wp\/v2\/pages\/7192\/revisions"}],"predecessor-version":[{"id":7404,"href":"https:\/\/drews.beauty\/pt\/wp-json\/wp\/v2\/pages\/7192\/revisions\/7404"}],"wp:attachment":[{"href":"https:\/\/drews.beauty\/pt\/wp-json\/wp\/v2\/media?parent=7192"}],"curies":[{"name":"wp","href":"https:\/\/api.w.org\/{rel}","templated":true}]}}